{"id":114,"date":"2019-03-28T10:55:11","date_gmt":"2019-03-28T09:55:11","guid":{"rendered":"https:\/\/www.fundacioarcadi.com\/?page_id=114"},"modified":"2019-04-12T17:40:17","modified_gmt":"2019-04-12T15:40:17","slug":"por-que-lo-hacemos","status":"publish","type":"page","link":"https:\/\/www.fundacioarcadi.com\/ca\/per-que-ho-fem\/","title":{"rendered":"Per qu\u00e8 ho fem?"},"content":{"rendered":"<div data-elementor-type=\"wp-post\" data-elementor-id=\"114\" class=\"elementor elementor-114\" data-elementor-settings=\"[]\">\n\t\t\t<div class=\"elementor-inner\">\n\t\t\t\t<div class=\"elementor-section-wrap\">\n\t\t\t\t\t\t\t<section class=\"elementor-element elementor-element-56fa138 elementor-section-height-min-height elementor-section-boxed elementor-section-height-default elementor-section-items-middle elementor-section elementor-top-section\" data-id=\"56fa138\" data-element_type=\"section\" data-settings=\"{&quot;background_background&quot;:&quot;classic&quot;,&quot;shape_divider_bottom&quot;:&quot;mountains&quot;,&quot;background_image&quot;:{&quot;url&quot;:&quot;&quot;,&quot;id&quot;:&quot;&quot;},&quot;background_image_tablet&quot;:{&quot;url&quot;:&quot;&quot;,&quot;id&quot;:&quot;&quot;},&quot;background_image_mobile&quot;:{&quot;url&quot;:&quot;&quot;,&quot;id&quot;:&quot;&quot;}}\">\n\t\t\t\t\t<div class=\"elementor-shape elementor-shape-bottom\" data-negative=\"false\">\n\t\t\t<svg xmlns=\"http:\/\/www.w3.org\/2000\/svg\" viewbox=\"0 0 1000 100\" preserveaspectratio=\"none\">\n\t<path class=\"elementor-shape-fill\" opacity=\"0.33\" d=\"M473,67.3c-203.9,88.3-263.1-34-320.3,0C66,119.1,0,59.7,0,59.7V0h1000v59.7 c0,0-62.1,26.1-94.9,29.3c-32.8,3.3-62.8-12.3-75.8-22.1C806,49.6,745.3,8.7,694.9,4.7S492.4,59,473,67.3z\"\/>\n\t<path class=\"elementor-shape-fill\" opacity=\"0.66\" d=\"M734,67.3c-45.5,0-77.2-23.2-129.1-39.1c-28.6-8.7-150.3-10.1-254,39.1 s-91.7-34.4-149.2,0C115.7,118.3,0,39.8,0,39.8V0h1000v36.5c0,0-28.2-18.5-92.1-18.5C810.2,18.1,775.7,67.3,734,67.3z\"\/>\n\t<path class=\"elementor-shape-fill\" d=\"M766.1,28.9c-200-57.5-266,65.5-395.1,19.5C242,1.8,242,5.4,184.8,20.6C128,35.8,132.3,44.9,89.9,52.5C28.6,63.7,0,0,0,0 h1000c0,0-9.9,40.9-83.6,48.1S829.6,47,766.1,28.9z\"\/>\n<\/svg>\t\t<\/div>\n\t\t\t\t\t<div class=\"elementor-container elementor-column-gap-default\">\n\t\t\t\t<div class=\"elementor-row\">\n\t\t\t\t<div class=\"elementor-element elementor-element-7375f74 elementor-column elementor-col-50 elementor-top-column\" data-id=\"7375f74\" data-element_type=\"column\">\n\t\t\t<div class=\"elementor-column-wrap  elementor-element-populated\">\n\t\t\t\t\t<div class=\"elementor-widget-wrap\">\n\t\t\t\t<div class=\"elementor-element elementor-element-6b441e9 elementor-widget elementor-widget-spacer\" data-id=\"6b441e9\" data-element_type=\"widget\" data-widget_type=\"spacer.default\">\n\t\t\t\t<div class=\"elementor-widget-container\">\n\t\t\t\t\t<div class=\"elementor-spacer\">\n\t\t\t<div class=\"elementor-spacer-inner\"><\/div>\n\t\t<\/div>\n\t\t\t\t<\/div>\n\t\t\t\t<\/div>\n\t\t\t\t<div class=\"elementor-element elementor-element-88d46f2 elementor-widget elementor-widget-raven-image\" data-id=\"88d46f2\" data-element_type=\"widget\" data-widget_type=\"raven-image.default\">\n\t\t\t\t<div class=\"elementor-widget-container\">\n\t\t\t\t\t<div class=\"raven-image\">\r\n\t\t\r\n\t\t\r\n\t\t<img src=\"https:\/\/www.fundacioarcadi.com\/wp-content\/uploads\/2019\/04\/pilar-barcelo-arcadi-armangue-02.png\" title=\"pilar-barcelo-arcadi-armangue-02\" alt=\"pilar-barcelo-arcadi-armangue-02\" \/>\t\t<\/div>\r\n\t\t\t\t<\/div>\n\t\t\t\t<\/div>\n\t\t\t\t\t\t<\/div>\n\t\t\t<\/div>\n\t\t<\/div>\n\t\t\t\t<div class=\"elementor-element elementor-element-cbad7a5 elementor-column elementor-col-50 elementor-top-column\" data-id=\"cbad7a5\" data-element_type=\"column\">\n\t\t\t<div class=\"elementor-column-wrap  elementor-element-populated\">\n\t\t\t\t\t<div class=\"elementor-widget-wrap\">\n\t\t\t\t<div class=\"elementor-element elementor-element-1d0614b elementor-widget elementor-widget-spacer\" data-id=\"1d0614b\" data-element_type=\"widget\" data-widget_type=\"spacer.default\">\n\t\t\t\t<div class=\"elementor-widget-container\">\n\t\t\t\t\t<div class=\"elementor-spacer\">\n\t\t\t<div class=\"elementor-spacer-inner\"><\/div>\n\t\t<\/div>\n\t\t\t\t<\/div>\n\t\t\t\t<\/div>\n\t\t\t\t<div class=\"elementor-element elementor-element-a82c32f elementor-mobile-align-center elementor-align-left elementor-widget elementor-widget-raven-heading\" data-id=\"a82c32f\" data-element_type=\"widget\" data-widget_type=\"raven-heading.default\">\n\t\t\t\t<div class=\"elementor-widget-container\">\n\t\t\t\t\t<div class=\"raven-widget-wrapper\"><h2 class=\"raven-heading raven-heading-h2\"><span class=\"raven-heading-title\">Per qu\u00e8<\/span><\/h2><\/div>\r\n\t\t\t\t<\/div>\n\t\t\t\t<\/div>\n\t\t\t\t<div class=\"elementor-element elementor-element-bd08121 elementor-mobile-align-center elementor-align-left elementor-widget elementor-widget-raven-heading\" data-id=\"bd08121\" data-element_type=\"widget\" data-widget_type=\"raven-heading.default\">\n\t\t\t\t<div class=\"elementor-widget-container\">\n\t\t\t\t\t<div class=\"raven-widget-wrapper\"><h2 class=\"raven-heading raven-heading-h2\"><span class=\"raven-heading-title\">ho fem?<\/span><\/h2><\/div>\r\n\t\t\t\t<\/div>\n\t\t\t\t<\/div>\n\t\t\t\t<div class=\"elementor-element elementor-element-c97965b elementor-widget elementor-widget-spacer\" data-id=\"c97965b\" data-element_type=\"widget\" data-widget_type=\"spacer.default\">\n\t\t\t\t<div class=\"elementor-widget-container\">\n\t\t\t\t\t<div class=\"elementor-spacer\">\n\t\t\t<div class=\"elementor-spacer-inner\"><\/div>\n\t\t<\/div>\n\t\t\t\t<\/div>\n\t\t\t\t<\/div>\n\t\t\t\t<div class=\"elementor-element elementor-element-3d33a89 elementor-widget elementor-widget-spacer\" data-id=\"3d33a89\" data-element_type=\"widget\" data-widget_type=\"spacer.default\">\n\t\t\t\t<div class=\"elementor-widget-container\">\n\t\t\t\t\t<div class=\"elementor-spacer\">\n\t\t\t<div class=\"elementor-spacer-inner\"><\/div>\n\t\t<\/div>\n\t\t\t\t<\/div>\n\t\t\t\t<\/div>\n\t\t\t\t\t\t<\/div>\n\t\t\t<\/div>\n\t\t<\/div>\n\t\t\t\t\t\t<\/div>\n\t\t\t<\/div>\n\t\t<\/section>\n\t\t\t\t<section class=\"elementor-element elementor-element-22e2156 elementor-section-boxed elementor-section-height-default elementor-section-height-default elementor-section elementor-top-section\" data-id=\"22e2156\" data-element_type=\"section\">\n\t\t\t\t\t\t<div class=\"elementor-container elementor-column-gap-default\">\n\t\t\t\t<div class=\"elementor-row\">\n\t\t\t\t<div class=\"elementor-element elementor-element-b2f4bc3 elementor-column elementor-col-100 elementor-top-column\" data-id=\"b2f4bc3\" data-element_type=\"column\">\n\t\t\t<div class=\"elementor-column-wrap  elementor-element-populated\">\n\t\t\t\t\t<div class=\"elementor-widget-wrap\">\n\t\t\t\t<div class=\"elementor-element elementor-element-224b0c7 elementor-widget elementor-widget-spacer\" data-id=\"224b0c7\" data-element_type=\"widget\" data-widget_type=\"spacer.default\">\n\t\t\t\t<div class=\"elementor-widget-container\">\n\t\t\t\t\t<div class=\"elementor-spacer\">\n\t\t\t<div class=\"elementor-spacer-inner\"><\/div>\n\t\t<\/div>\n\t\t\t\t<\/div>\n\t\t\t\t<\/div>\n\t\t\t\t<div class=\"elementor-element elementor-element-ee8cfab elementor-mobile-align-center elementor-align-center elementor-widget elementor-widget-raven-heading\" data-id=\"ee8cfab\" data-element_type=\"widget\" data-widget_type=\"raven-heading.default\">\n\t\t\t\t<div class=\"elementor-widget-container\">\n\t\t\t\t\t<div class=\"raven-widget-wrapper\"><h2 class=\"raven-heading raven-heading-h2\"><span class=\"raven-heading-title\">La motivaci\u00f3 que empeny la<span style=\"color:#9bd1da\"> Fundaci\u00f3 Arcadi Armangu\u00e9 Barcel\u00f3 \u00e9s l'Arcadi. <\/span>Amb prou feines uns dies de vida, li van diagnosticar fibrosi qu\u00edstica. Avui dia l'Arcadi \u00e9s un nen feli\u00e7, encara que el seu dia a dia no \u00e9s del tot normal. \n<br><br>\nCada cas m\u00e8dic \u00e9s diferent. En el cas de l'Arcadi, la seva quotidianitat est\u00e0 lligada a visites m\u00e8diques mensuals, pastilles per absorbir el greix dels \u00e0pats, suplements vitam\u00ednics, m\u00faltiples rentats nasals diaris i nebulitzacions dues vegades al dia per netejar les vies respirat\u00f2ries. Un dels nostres temors m\u00e9s grans arriba quan t\u00e9 una infecci\u00f3, i s\u00f3n bastant abundants en aquesta malaltia. Quan aix\u00f2 passa, per desgr\u00e0cia m\u00e9s del que ens agradaria, els antibi\u00f2tics passen a ser una part essencial de la nostra farmaciola i l'hospital passa a ser la nostra segona casa. <\/br><\/br>\nSom afortunats perqu\u00e8 l&#039;Arcadi sempre ha rebut les millors cures possibles, i nosaltres com a pares hem anat aprenent a poc a poc, per\u00f2 sabem que la realitat de moltes persones no \u00e9s com la nostra. Per tot aix\u00f2, tenim una ferma voluntat de millorar la vida dels afectats per fibrosi qu\u00edstica i sabem que el canvi passa per la investigaci\u00f3. <br><br><span style=\"color:#9bd1da\">\nAjuda&#039;ns a complir el nostre somni de trobar una cura per a la fibrosi qu\u00edstica! <\/br><\/br><\/span><\/span><\/h2><\/div>\r\n\t\t\t\t<\/div>\n\t\t\t\t<\/div>\n\t\t\t\t<div class=\"elementor-element elementor-element-e55a64a elementor-widget elementor-widget-spacer\" data-id=\"e55a64a\" data-element_type=\"widget\" data-widget_type=\"spacer.default\">\n\t\t\t\t<div class=\"elementor-widget-container\">\n\t\t\t\t\t<div class=\"elementor-spacer\">\n\t\t\t<div class=\"elementor-spacer-inner\"><\/div>\n\t\t<\/div>\n\t\t\t\t<\/div>\n\t\t\t\t<\/div>\n\t\t\t\t<div class=\"elementor-element elementor-element-b34cf2f elementor-widget elementor-widget-image-gallery\" data-id=\"b34cf2f\" data-element_type=\"widget\" data-widget_type=\"image-gallery.default\">\n\t\t\t\t<div class=\"elementor-widget-container\">\n\t\t\t\t\t<div class=\"elementor-image-gallery\">\n\t\t\t<div id='gallery-1' class='gallery galleryid-114 gallery-columns-3 gallery-size-full'><figure class='gallery-item'>\n\t\t\t<div class='gallery-icon landscape'>\n\t\t\t\t<a data-elementor-open-lightbox=\"yes\" data-elementor-lightbox-slideshow=\"b34cf2f\" data-elementor-lightbox-title=\"arcadi_0002_sin ti\u0301tulo-61\" href='https:\/\/www.fundacioarcadi.com\/wp-content\/uploads\/2019\/04\/arcadi_0002_sin-ti\u0301tulo-61.jpg'><img width=\"800\" height=\"742\" src=\"https:\/\/www.fundacioarcadi.com\/wp-content\/uploads\/2019\/04\/arcadi_0002_sin-ti\u0301tulo-61.jpg\" class=\"attachment-full size-full\" alt=\"\" loading=\"lazy\" srcset=\"https:\/\/www.fundacioarcadi.com\/wp-content\/uploads\/2019\/04\/arcadi_0002_sin-ti\u0301tulo-61.jpg 800w, https:\/\/www.fundacioarcadi.com\/wp-content\/uploads\/2019\/04\/arcadi_0002_sin-ti\u0301tulo-61-13x12.jpg 13w, https:\/\/www.fundacioarcadi.com\/wp-content\/uploads\/2019\/04\/arcadi_0002_sin-ti\u0301tulo-61-300x278.jpg 300w, https:\/\/www.fundacioarcadi.com\/wp-content\/uploads\/2019\/04\/arcadi_0002_sin-ti\u0301tulo-61-768x712.jpg 768w, https:\/\/www.fundacioarcadi.com\/wp-content\/uploads\/2019\/04\/arcadi_0002_sin-ti\u0301tulo-61-600x557.jpg 600w\" sizes=\"(max-width: 800px) 100vw, 800px\" \/><\/a>\n\t\t\t<\/div><\/figure><figure class='gallery-item'>\n\t\t\t<div class='gallery-icon landscape'>\n\t\t\t\t<a data-elementor-open-lightbox=\"yes\" data-elementor-lightbox-slideshow=\"b34cf2f\" data-elementor-lightbox-title=\"arcadi_0000_sin ti\u0301tulo-256\" href='https:\/\/www.fundacioarcadi.com\/wp-content\/uploads\/2019\/04\/arcadi_0000_sin-ti\u0301tulo-256.jpg'><img width=\"800\" height=\"742\" src=\"https:\/\/www.fundacioarcadi.com\/wp-content\/uploads\/2019\/04\/arcadi_0000_sin-ti\u0301tulo-256.jpg\" class=\"attachment-full size-full\" alt=\"\" loading=\"lazy\" srcset=\"https:\/\/www.fundacioarcadi.com\/wp-content\/uploads\/2019\/04\/arcadi_0000_sin-ti\u0301tulo-256.jpg 800w, https:\/\/www.fundacioarcadi.com\/wp-content\/uploads\/2019\/04\/arcadi_0000_sin-ti\u0301tulo-256-13x12.jpg 13w, https:\/\/www.fundacioarcadi.com\/wp-content\/uploads\/2019\/04\/arcadi_0000_sin-ti\u0301tulo-256-300x278.jpg 300w, https:\/\/www.fundacioarcadi.com\/wp-content\/uploads\/2019\/04\/arcadi_0000_sin-ti\u0301tulo-256-768x712.jpg 768w, https:\/\/www.fundacioarcadi.com\/wp-content\/uploads\/2019\/04\/arcadi_0000_sin-ti\u0301tulo-256-600x557.jpg 600w\" sizes=\"(max-width: 800px) 100vw, 800px\" \/><\/a>\n\t\t\t<\/div><\/figure><figure class='gallery-item'>\n\t\t\t<div class='gallery-icon landscape'>\n\t\t\t\t<a data-elementor-open-lightbox=\"yes\" data-elementor-lightbox-slideshow=\"b34cf2f\" data-elementor-lightbox-title=\"arcadi_0001_sin ti\u0301tulo-265\" href='https:\/\/www.fundacioarcadi.com\/wp-content\/uploads\/2019\/04\/arcadi_0001_sin-ti\u0301tulo-265.jpg'><img width=\"800\" height=\"742\" src=\"https:\/\/www.fundacioarcadi.com\/wp-content\/uploads\/2019\/04\/arcadi_0001_sin-ti\u0301tulo-265.jpg\" class=\"attachment-full size-full\" alt=\"\" loading=\"lazy\" srcset=\"https:\/\/www.fundacioarcadi.com\/wp-content\/uploads\/2019\/04\/arcadi_0001_sin-ti\u0301tulo-265.jpg 800w, https:\/\/www.fundacioarcadi.com\/wp-content\/uploads\/2019\/04\/arcadi_0001_sin-ti\u0301tulo-265-13x12.jpg 13w, https:\/\/www.fundacioarcadi.com\/wp-content\/uploads\/2019\/04\/arcadi_0001_sin-ti\u0301tulo-265-300x278.jpg 300w, https:\/\/www.fundacioarcadi.com\/wp-content\/uploads\/2019\/04\/arcadi_0001_sin-ti\u0301tulo-265-768x712.jpg 768w, https:\/\/www.fundacioarcadi.com\/wp-content\/uploads\/2019\/04\/arcadi_0001_sin-ti\u0301tulo-265-600x557.jpg 600w\" sizes=\"(max-width: 800px) 100vw, 800px\" \/><\/a>\n\t\t\t<\/div><\/figure>\n\t\t<\/div>\n\t\t<\/div>\n\t\t\t\t<\/div>\n\t\t\t\t<\/div>\n\t\t\t\t<div class=\"elementor-element elementor-element-4e55331 elementor-widget elementor-widget-spacer\" data-id=\"4e55331\" data-element_type=\"widget\" data-widget_type=\"spacer.default\">\n\t\t\t\t<div class=\"elementor-widget-container\">\n\t\t\t\t\t<div class=\"elementor-spacer\">\n\t\t\t<div class=\"elementor-spacer-inner\"><\/div>\n\t\t<\/div>\n\t\t\t\t<\/div>\n\t\t\t\t<\/div>\n\t\t\t\t\t\t<\/div>\n\t\t\t<\/div>\n\t\t<\/div>\n\t\t\t\t\t\t<\/div>\n\t\t\t<\/div>\n\t\t<\/section>\n\t\t\t\t<section class=\"elementor-element elementor-element-2020a3f elementor-section-height-min-height elementor-section-boxed elementor-section-height-default elementor-section-items-middle elementor-section elementor-top-section\" data-id=\"2020a3f\" data-element_type=\"section\" data-settings=\"{&quot;background_background&quot;:&quot;classic&quot;,&quot;shape_divider_top&quot;:&quot;mountains&quot;,&quot;shape_divider_bottom&quot;:&quot;mountains&quot;,&quot;background_image&quot;:{&quot;url&quot;:&quot;&quot;,&quot;id&quot;:&quot;&quot;},&quot;background_image_tablet&quot;:{&quot;url&quot;:&quot;&quot;,&quot;id&quot;:&quot;&quot;},&quot;background_image_mobile&quot;:{&quot;url&quot;:&quot;&quot;,&quot;id&quot;:&quot;&quot;}}\">\n\t\t\t\t\t\t\t<div class=\"elementor-background-overlay\"><\/div>\n\t\t\t\t\t\t<div class=\"elementor-shape elementor-shape-top\" data-negative=\"false\">\n\t\t\t<svg xmlns=\"http:\/\/www.w3.org\/2000\/svg\" viewbox=\"0 0 1000 100\" preserveaspectratio=\"none\">\n\t<path class=\"elementor-shape-fill\" opacity=\"0.33\" d=\"M473,67.3c-203.9,88.3-263.1-34-320.3,0C66,119.1,0,59.7,0,59.7V0h1000v59.7 c0,0-62.1,26.1-94.9,29.3c-32.8,3.3-62.8-12.3-75.8-22.1C806,49.6,745.3,8.7,694.9,4.7S492.4,59,473,67.3z\"\/>\n\t<path class=\"elementor-shape-fill\" opacity=\"0.66\" d=\"M734,67.3c-45.5,0-77.2-23.2-129.1-39.1c-28.6-8.7-150.3-10.1-254,39.1 s-91.7-34.4-149.2,0C115.7,118.3,0,39.8,0,39.8V0h1000v36.5c0,0-28.2-18.5-92.1-18.5C810.2,18.1,775.7,67.3,734,67.3z\"\/>\n\t<path class=\"elementor-shape-fill\" d=\"M766.1,28.9c-200-57.5-266,65.5-395.1,19.5C242,1.8,242,5.4,184.8,20.6C128,35.8,132.3,44.9,89.9,52.5C28.6,63.7,0,0,0,0 h1000c0,0-9.9,40.9-83.6,48.1S829.6,47,766.1,28.9z\"\/>\n<\/svg>\t\t<\/div>\n\t\t\t\t<div class=\"elementor-shape elementor-shape-bottom\" data-negative=\"false\">\n\t\t\t<svg xmlns=\"http:\/\/www.w3.org\/2000\/svg\" viewbox=\"0 0 1000 100\" preserveaspectratio=\"none\">\n\t<path class=\"elementor-shape-fill\" opacity=\"0.33\" d=\"M473,67.3c-203.9,88.3-263.1-34-320.3,0C66,119.1,0,59.7,0,59.7V0h1000v59.7 c0,0-62.1,26.1-94.9,29.3c-32.8,3.3-62.8-12.3-75.8-22.1C806,49.6,745.3,8.7,694.9,4.7S492.4,59,473,67.3z\"\/>\n\t<path class=\"elementor-shape-fill\" opacity=\"0.66\" d=\"M734,67.3c-45.5,0-77.2-23.2-129.1-39.1c-28.6-8.7-150.3-10.1-254,39.1 s-91.7-34.4-149.2,0C115.7,118.3,0,39.8,0,39.8V0h1000v36.5c0,0-28.2-18.5-92.1-18.5C810.2,18.1,775.7,67.3,734,67.3z\"\/>\n\t<path class=\"elementor-shape-fill\" d=\"M766.1,28.9c-200-57.5-266,65.5-395.1,19.5C242,1.8,242,5.4,184.8,20.6C128,35.8,132.3,44.9,89.9,52.5C28.6,63.7,0,0,0,0 h1000c0,0-9.9,40.9-83.6,48.1S829.6,47,766.1,28.9z\"\/>\n<\/svg>\t\t<\/div>\n\t\t\t\t\t<div class=\"elementor-container elementor-column-gap-no\">\n\t\t\t\t<div class=\"elementor-row\">\n\t\t\t\t<div class=\"elementor-element elementor-element-ea83525 elementor-column elementor-col-100 elementor-top-column\" data-id=\"ea83525\" data-element_type=\"column\">\n\t\t\t<div class=\"elementor-column-wrap  elementor-element-populated\">\n\t\t\t\t\t<div class=\"elementor-widget-wrap\">\n\t\t\t\t<div class=\"elementor-element elementor-element-92d55eb elementor-widget elementor-widget-spacer\" data-id=\"92d55eb\" data-element_type=\"widget\" data-widget_type=\"spacer.default\">\n\t\t\t\t<div class=\"elementor-widget-container\">\n\t\t\t\t\t<div class=\"elementor-spacer\">\n\t\t\t<div class=\"elementor-spacer-inner\"><\/div>\n\t\t<\/div>\n\t\t\t\t<\/div>\n\t\t\t\t<\/div>\n\t\t\t\t<section class=\"elementor-element elementor-element-b2caf79 elementor-section-boxed elementor-section-height-default elementor-section-height-default elementor-section elementor-top-section\" data-id=\"b2caf79\" data-element_type=\"section\">\n\t\t\t\t\t\t<div class=\"elementor-container elementor-column-gap-default\">\n\t\t\t\t<div class=\"elementor-row\">\n\t\t\t\t<div class=\"elementor-element elementor-element-8bd22b5 elementor-column elementor-col-33 elementor-top-column\" data-id=\"8bd22b5\" data-element_type=\"column\">\n\t\t\t<div class=\"elementor-column-wrap\">\n\t\t\t\t\t<div class=\"elementor-widget-wrap\">\n\t\t\t\t\t\t<\/div>\n\t\t\t<\/div>\n\t\t<\/div>\n\t\t\t\t<div class=\"elementor-element elementor-element-af79cb2 elementor-column elementor-col-33 elementor-top-column\" data-id=\"af79cb2\" data-element_type=\"column\">\n\t\t\t<div class=\"elementor-column-wrap  elementor-element-populated\">\n\t\t\t\t\t<div class=\"elementor-widget-wrap\">\n\t\t\t\t<div class=\"elementor-element elementor-element-b3fa132 elementor-widget elementor-widget-heading\" data-id=\"b3fa132\" data-element_type=\"widget\" data-widget_type=\"heading.default\">\n\t\t\t\t<div class=\"elementor-widget-container\">\n\t\t\t<h2 class=\"elementor-heading-title elementor-size-default\">Qui s&#039;amaga darrere la fundaci\u00f3?<\/h2>\t\t<\/div>\n\t\t\t\t<\/div>\n\t\t\t\t<div class=\"elementor-element elementor-element-c2cbe5b elementor-align-center elementor-widget elementor-widget-raven-divider\" data-id=\"c2cbe5b\" data-element_type=\"widget\" data-widget_type=\"raven-divider.default\">\n\t\t\t\t<div class=\"elementor-widget-container\">\n\t\t\t\t\t<div class=\"raven-widget-wrapper\">\r\n\t\t\t<div class=\"raven-divider\">\r\n\t\t\t\t<span class=\"raven-divider-line raven-divider-solid\"><\/span>\r\n\t\t\t<\/div>\r\n\t\t<\/div>\r\n\t\t\t\t<\/div>\n\t\t\t\t<\/div>\n\t\t\t\t<div class=\"elementor-element elementor-element-b15bf44 elementor-widget elementor-widget-image\" data-id=\"b15bf44\" data-element_type=\"widget\" data-widget_type=\"image.default\">\n\t\t\t\t<div class=\"elementor-widget-container\">\n\t\t\t\t\t<div class=\"elementor-image\">\n\t\t\t\t\t\t\t\t\t\t<img width=\"800\" height=\"426\" src=\"https:\/\/www.fundacioarcadi.com\/wp-content\/uploads\/2019\/04\/familia-armangue-barcelo-02.jpg\" class=\"attachment-large size-large\" alt=\"\" loading=\"lazy\" srcset=\"https:\/\/www.fundacioarcadi.com\/wp-content\/uploads\/2019\/04\/familia-armangue-barcelo-02.jpg 800w, https:\/\/www.fundacioarcadi.com\/wp-content\/uploads\/2019\/04\/familia-armangue-barcelo-02-18x10.jpg 18w, https:\/\/www.fundacioarcadi.com\/wp-content\/uploads\/2019\/04\/familia-armangue-barcelo-02-300x160.jpg 300w, https:\/\/www.fundacioarcadi.com\/wp-content\/uploads\/2019\/04\/familia-armangue-barcelo-02-768x409.jpg 768w, https:\/\/www.fundacioarcadi.com\/wp-content\/uploads\/2019\/04\/familia-armangue-barcelo-02-600x320.jpg 600w\" sizes=\"(max-width: 800px) 100vw, 800px\" \/>\t\t\t\t\t\t\t\t\t\t\t<\/div>\n\t\t\t\t<\/div>\n\t\t\t\t<\/div>\n\t\t\t\t<div class=\"elementor-element elementor-element-071f2ee elementor-align-center elementor-mobile-align-center elementor-widget elementor-widget-raven-heading\" data-id=\"071f2ee\" data-element_type=\"widget\" data-widget_type=\"raven-heading.default\">\n\t\t\t\t<div class=\"elementor-widget-container\">\n\t\t\t\t\t<div class=\"raven-widget-wrapper\"><h2 class=\"raven-heading raven-heading-h2\"><span class=\"raven-heading-title\">Junts podem impulsar la investigaci\u00f3 de la fibrosi qu\u00edstica per millorar-ne la prevenci\u00f3, augmentar l&#039;efectivitat dels tractaments i trobar una cura. Ajuda&#039;ns a fer-ho realitat!  \n<\/span><\/h2><\/div>\r\n\t\t\t\t<\/div>\n\t\t\t\t<\/div>\n\t\t\t\t<section class=\"elementor-element elementor-element-f450447 elementor-section-boxed elementor-section-height-default elementor-section-height-default elementor-section elementor-inner-section\" data-id=\"f450447\" data-element_type=\"section\">\n\t\t\t\t\t\t<div class=\"elementor-container elementor-column-gap-default\">\n\t\t\t\t<div class=\"elementor-row\">\n\t\t\t\t<div class=\"elementor-element elementor-element-a94d3c6 elementor-column elementor-col-50 elementor-inner-column\" data-id=\"a94d3c6\" data-element_type=\"column\">\n\t\t\t<div class=\"elementor-column-wrap\">\n\t\t\t\t\t<div class=\"elementor-widget-wrap\">\n\t\t\t\t\t\t<\/div>\n\t\t\t<\/div>\n\t\t<\/div>\n\t\t\t\t<div class=\"elementor-element elementor-element-b1f30ce elementor-column elementor-col-50 elementor-inner-column\" data-id=\"b1f30ce\" data-element_type=\"column\">\n\t\t\t<div class=\"elementor-column-wrap\">\n\t\t\t\t\t<div class=\"elementor-widget-wrap\">\n\t\t\t\t\t\t<\/div>\n\t\t\t<\/div>\n\t\t<\/div>\n\t\t\t\t\t\t<\/div>\n\t\t\t<\/div>\n\t\t<\/section>\n\t\t\t\t\t\t<\/div>\n\t\t\t<\/div>\n\t\t<\/div>\n\t\t\t\t<div class=\"elementor-element elementor-element-0a86fb3 elementor-column elementor-col-33 elementor-top-column\" data-id=\"0a86fb3\" data-element_type=\"column\">\n\t\t\t<div class=\"elementor-column-wrap\">\n\t\t\t\t\t<div class=\"elementor-widget-wrap\">\n\t\t\t\t\t\t<\/div>\n\t\t\t<\/div>\n\t\t<\/div>\n\t\t\t\t\t\t<\/div>\n\t\t\t<\/div>\n\t\t<\/section>\n\t\t\t\t\t\t<\/div>\n\t\t\t<\/div>\n\t\t<\/div>\n\t\t\t\t\t\t<\/div>\n\t\t\t<\/div>\n\t\t<\/section>\n\t\t\t\t\t\t<\/div>\n\t\t\t<\/div>\n\t\t<\/div>","protected":false},"excerpt":{"rendered":"<p>Per qu\u00e8 ho fem? La motivaci\u00f3 que empeny la Fundaci\u00f3 Arcadi Armangu\u00e9 Barcel\u00f3 \u00e9s Arcadi. Amb tot just uns dies de vida li van diagnosticar fibrosi qu\u00edstica. Avui dia l&#039;Arcadi \u00e9s un nen feli\u00e7, encara que el seu dia a dia no \u00e9s del tot normal. Cada cas m\u00e8dic \u00e9s diferent. En el cas d&#039;Arcadi, la seva quotidianitat [\u2026]<\/p>","protected":false},"author":1,"featured_media":0,"parent":0,"menu_order":0,"comment_status":"closed","ping_status":"closed","template":"elementor_header_footer","meta":[],"_links":{"self":[{"href":"https:\/\/www.fundacioarcadi.com\/ca\/wp-json\/wp\/v2\/pages\/114"}],"collection":[{"href":"https:\/\/www.fundacioarcadi.com\/ca\/wp-json\/wp\/v2\/pages"}],"about":[{"href":"https:\/\/www.fundacioarcadi.com\/ca\/wp-json\/wp\/v2\/types\/page"}],"author":[{"embeddable":true,"href":"https:\/\/www.fundacioarcadi.com\/ca\/wp-json\/wp\/v2\/users\/1"}],"replies":[{"embeddable":true,"href":"https:\/\/www.fundacioarcadi.com\/ca\/wp-json\/wp\/v2\/comments?post=114"}],"version-history":[{"count":21,"href":"https:\/\/www.fundacioarcadi.com\/ca\/wp-json\/wp\/v2\/pages\/114\/revisions"}],"predecessor-version":[{"id":909,"href":"https:\/\/www.fundacioarcadi.com\/ca\/wp-json\/wp\/v2\/pages\/114\/revisions\/909"}],"wp:attachment":[{"href":"https:\/\/www.fundacioarcadi.com\/ca\/wp-json\/wp\/v2\/media?parent=114"}],"curies":[{"name":"wp","href":"https:\/\/api.w.org\/{rel}","templated":true}]}}